{"id":2539,"date":"2023-04-13T15:30:02","date_gmt":"2023-04-13T13:30:02","guid":{"rendered":"https:\/\/loftperruquers.cat\/?page_id=2539"},"modified":"2023-04-13T15:53:12","modified_gmt":"2023-04-13T13:53:12","slug":"avis-legal","status":"publish","type":"page","link":"https:\/\/loftperruquers.cat\/?page_id=2539","title":{"rendered":"Av\u00eds Legal"},"content":{"rendered":"<h2><u>AV\u00cdS LEGAL<\/u><\/h2>\n<p><strong>Informaci\u00f3 de Conformitat amb l&#8217;article 10 de la LSSI<\/strong><\/p>\n<p><strong>\u00a0<\/strong><\/p>\n<p><strong>La titular d&#8217;aquesta web \u00e9s:<\/strong><\/p>\n<p>Identitat: MARIA JOSE EXPOSITO JIMENEZ<\/p>\n<p>NIF: 40455676X<\/p>\n<p><strong>\u00a0<\/strong><\/p>\n<p><strong>Condicions d&#8217;\u00fas<\/strong><\/p>\n<p>L&#8217;\u00fas d&#8217;aquest web implica l&#8217;acceptaci\u00f3 plena dels termes i condicions del present av\u00eds legal. Els possibles conflictes relatius a aquest web es regiran exclusivament pel dret de l&#8217;Estat espanyol. Tota persona usu\u00e0ria del web, independentment de la jurisdicci\u00f3 territorial des de la qual es produeixi el seu acc\u00e9s, accepta el compliment i respecte d&#8217;aquestes cl\u00e0usules amb ren\u00fancia expressa a qualsevol altre fur que li pogu\u00e9s correspondre.<\/p>\n<p><strong>Propietat intel\u00b7lectual i industrial<\/strong><\/p>\n<p>La totalitat del contingut d&#8217;aquest lloc web, ja siguin textos, imatges, sons, marques, logotips o altres elements, aix\u00ed com subestructura, disseny, combinacions de colors o forma de presentaci\u00f3 dels materials, estan protegits per drets de propietat industrial i intel\u00b7lectual que l&#8217;usuari d&#8217;aquest lloc web ha de respectar. No \u00e9s l\u00edcita la seva transformaci\u00f3 o alteraci\u00f3, comunicaci\u00f3 p\u00fablica o qualsevol altra forma d&#8217;explotaci\u00f3 per qualsevol procediment sense l&#8217;autoritzaci\u00f3 expressa de MARIA JOSE EXPOSITO JIMENEZ<\/p>\n<p><strong>Responsabilitat sobre els continguts<\/strong><\/p>\n<p>Encara que MARIA JOSE EXPOSITO JIMENEZ, actua amb la m\u00e0xima dilig\u00e8ncia possible, es pot donar el cas que alguna dada o informaci\u00f3 no estigui del tot actualitzada en el moment que l&#8217;usuari del lloc web el consulti. Per aix\u00f2, les informacions que es presenten en aquesta web tenen una funci\u00f3 orientativa i no obliguen a MARIA JOSE EXPOSITO JIMENEZ<\/p>\n<p>MARIA JOSE EXPOSITO JIMENEZ, no ser\u00e0 responsable de la informaci\u00f3 que es pugui obtenir a trav\u00e9s d&#8217;enlla\u00e7os inclosos en la seva web.<\/p>\n<p>MARIA JOSE EXPOSITO JIMENEZ, es reserva la facultat de realitzar, en qualsevol moment i sense necessitat de preav\u00eds, modificacions o actualitzacions de la informaci\u00f3 i de qualsevol dels elements que integrin el disseny i configuraci\u00f3 de la p\u00e0gina web.<\/p>\n<p><strong>Llei aplicable i jurisdicci\u00f3:<\/strong><\/p>\n<p>L&#8217;\u00fas d&#8217;aquest lloc web implica l&#8217;acceptaci\u00f3 plena dels termes i condicions en el present av\u00eds legal. Els possibles conflictes relatius a aquest web es regiran exclusivament per la legislaci\u00f3 espanyola, sent competents els Jutjats i Tribunals espanyols per a con\u00e8ixer qualsevol q\u00fcesti\u00f3 que es susciti sobre ella. L&#8217;usuari, en virtut de la seva acceptaci\u00f3 ren\u00fancia expressament a qualsevol fur que per aplicaci\u00f3 de la Llei d&#8217;Enjudiciament Civil vigent li\u00a0 pogu\u00e9s correspondre.<\/p>\n","protected":false},"excerpt":{"rendered":"<p>AV\u00cdS LEGAL Informaci\u00f3 de Conformitat amb l&#8217;article 10 de la LSSI \u00a0 La titular d&#8217;aquesta web \u00e9s: Identitat: MARIA JOSE EXPOSITO JIMENEZ NIF: 40455676X \u00a0 Condicions<span class=\"excerpt-hellip\"> [\u2026]<\/span><\/p>\n","protected":false},"author":1,"featured_media":0,"parent":0,"menu_order":0,"comment_status":"closed","ping_status":"closed","template":"","meta":{"footnotes":""},"class_list":["post-2539","page","type-page","status-publish","hentry"],"yoast_head":"<!-- This site is optimized with the Yoast SEO plugin v23.0 - https:\/\/yoast.com\/wordpress\/plugins\/seo\/ -->\n<title>Av\u00eds Legal - Loft Perruquers i Estilistes<\/title>\n<meta name=\"robots\" content=\"index, follow, max-snippet:-1, max-image-preview:large, max-video-preview:-1\" \/>\n<link rel=\"canonical\" href=\"https:\/\/loftperruquers.cat\/?page_id=2539\" \/>\n<meta property=\"og:locale\" content=\"ca_ES\" \/>\n<meta property=\"og:type\" content=\"article\" \/>\n<meta property=\"og:title\" content=\"Av\u00eds Legal - Loft Perruquers i Estilistes\" \/>\n<meta property=\"og:description\" content=\"AV\u00cdS LEGAL Informaci\u00f3 de Conformitat amb l&#8217;article 10 de la LSSI \u00a0 La titular d&#8217;aquesta web \u00e9s: Identitat: MARIA JOSE EXPOSITO JIMENEZ NIF: 40455676X \u00a0 Condicions [\u2026]\" \/>\n<meta property=\"og:url\" content=\"https:\/\/loftperruquers.cat\/?page_id=2539\" \/>\n<meta property=\"og:site_name\" content=\"Loft Perruquers i Estilistes\" \/>\n<meta property=\"article:modified_time\" content=\"2023-04-13T13:53:12+00:00\" \/>\n<meta name=\"twitter:card\" content=\"summary_large_image\" \/>\n<meta name=\"twitter:label1\" content=\"Temps estimat de lectura\" \/>\n\t<meta name=\"twitter:data1\" content=\"2 minuts\" \/>\n<script type=\"application\/ld+json\" class=\"yoast-schema-graph\">{\"@context\":\"https:\/\/schema.org\",\"@graph\":[{\"@type\":\"WebPage\",\"@id\":\"https:\/\/loftperruquers.cat\/?page_id=2539\",\"url\":\"https:\/\/loftperruquers.cat\/?page_id=2539\",\"name\":\"Av\u00eds Legal - Loft Perruquers i Estilistes\",\"isPartOf\":{\"@id\":\"https:\/\/loftperruquers.cat\/#website\"},\"datePublished\":\"2023-04-13T13:30:02+00:00\",\"dateModified\":\"2023-04-13T13:53:12+00:00\",\"breadcrumb\":{\"@id\":\"https:\/\/loftperruquers.cat\/?page_id=2539#breadcrumb\"},\"inLanguage\":\"ca\",\"potentialAction\":[{\"@type\":\"ReadAction\",\"target\":[\"https:\/\/loftperruquers.cat\/?page_id=2539\"]}]},{\"@type\":\"BreadcrumbList\",\"@id\":\"https:\/\/loftperruquers.cat\/?page_id=2539#breadcrumb\",\"itemListElement\":[{\"@type\":\"ListItem\",\"position\":1,\"name\":\"Inici\",\"item\":\"https:\/\/loftperruquers.cat\/?lang=es\"},{\"@type\":\"ListItem\",\"position\":2,\"name\":\"Av\u00eds Legal\"}]},{\"@type\":\"WebSite\",\"@id\":\"https:\/\/loftperruquers.cat\/#website\",\"url\":\"https:\/\/loftperruquers.cat\/\",\"name\":\"Loft Perruquers i Estilistes\",\"description\":\"\",\"publisher\":{\"@id\":\"https:\/\/loftperruquers.cat\/#organization\"},\"potentialAction\":[{\"@type\":\"SearchAction\",\"target\":{\"@type\":\"EntryPoint\",\"urlTemplate\":\"https:\/\/loftperruquers.cat\/?s={search_term_string}\"},\"query-input\":\"required name=search_term_string\"}],\"inLanguage\":\"ca\"},{\"@type\":\"Organization\",\"@id\":\"https:\/\/loftperruquers.cat\/#organization\",\"name\":\"Loft Perruquers i Estilistes\",\"url\":\"https:\/\/loftperruquers.cat\/\",\"logo\":{\"@type\":\"ImageObject\",\"inLanguage\":\"ca\",\"@id\":\"https:\/\/loftperruquers.cat\/#\/schema\/logo\/image\/\",\"url\":\"https:\/\/loftperruquers.cat\/wp-content\/uploads\/2023\/04\/ICONA.png\",\"contentUrl\":\"https:\/\/loftperruquers.cat\/wp-content\/uploads\/2023\/04\/ICONA.png\",\"width\":1014,\"height\":988,\"caption\":\"Loft Perruquers i Estilistes\"},\"image\":{\"@id\":\"https:\/\/loftperruquers.cat\/#\/schema\/logo\/image\/\"},\"sameAs\":[\"https:\/\/www.instagram.com\/loft_perruquers_estilistes\/\"]}]}<\/script>\n<!-- \/ Yoast SEO plugin. -->","yoast_head_json":{"title":"Av\u00eds Legal - Loft Perruquers i Estilistes","robots":{"index":"index","follow":"follow","max-snippet":"max-snippet:-1","max-image-preview":"max-image-preview:large","max-video-preview":"max-video-preview:-1"},"canonical":"https:\/\/loftperruquers.cat\/?page_id=2539","og_locale":"ca_ES","og_type":"article","og_title":"Av\u00eds Legal - Loft Perruquers i Estilistes","og_description":"AV\u00cdS LEGAL Informaci\u00f3 de Conformitat amb l&#8217;article 10 de la LSSI \u00a0 La titular d&#8217;aquesta web \u00e9s: Identitat: MARIA JOSE EXPOSITO JIMENEZ NIF: 40455676X \u00a0 Condicions [\u2026]","og_url":"https:\/\/loftperruquers.cat\/?page_id=2539","og_site_name":"Loft Perruquers i Estilistes","article_modified_time":"2023-04-13T13:53:12+00:00","twitter_card":"summary_large_image","twitter_misc":{"Temps estimat de lectura":"2 minuts"},"schema":{"@context":"https:\/\/schema.org","@graph":[{"@type":"WebPage","@id":"https:\/\/loftperruquers.cat\/?page_id=2539","url":"https:\/\/loftperruquers.cat\/?page_id=2539","name":"Av\u00eds Legal - Loft Perruquers i Estilistes","isPartOf":{"@id":"https:\/\/loftperruquers.cat\/#website"},"datePublished":"2023-04-13T13:30:02+00:00","dateModified":"2023-04-13T13:53:12+00:00","breadcrumb":{"@id":"https:\/\/loftperruquers.cat\/?page_id=2539#breadcrumb"},"inLanguage":"ca","potentialAction":[{"@type":"ReadAction","target":["https:\/\/loftperruquers.cat\/?page_id=2539"]}]},{"@type":"BreadcrumbList","@id":"https:\/\/loftperruquers.cat\/?page_id=2539#breadcrumb","itemListElement":[{"@type":"ListItem","position":1,"name":"Inici","item":"https:\/\/loftperruquers.cat\/?lang=es"},{"@type":"ListItem","position":2,"name":"Av\u00eds Legal"}]},{"@type":"WebSite","@id":"https:\/\/loftperruquers.cat\/#website","url":"https:\/\/loftperruquers.cat\/","name":"Loft Perruquers i Estilistes","description":"","publisher":{"@id":"https:\/\/loftperruquers.cat\/#organization"},"potentialAction":[{"@type":"SearchAction","target":{"@type":"EntryPoint","urlTemplate":"https:\/\/loftperruquers.cat\/?s={search_term_string}"},"query-input":"required name=search_term_string"}],"inLanguage":"ca"},{"@type":"Organization","@id":"https:\/\/loftperruquers.cat\/#organization","name":"Loft Perruquers i Estilistes","url":"https:\/\/loftperruquers.cat\/","logo":{"@type":"ImageObject","inLanguage":"ca","@id":"https:\/\/loftperruquers.cat\/#\/schema\/logo\/image\/","url":"https:\/\/loftperruquers.cat\/wp-content\/uploads\/2023\/04\/ICONA.png","contentUrl":"https:\/\/loftperruquers.cat\/wp-content\/uploads\/2023\/04\/ICONA.png","width":1014,"height":988,"caption":"Loft Perruquers i Estilistes"},"image":{"@id":"https:\/\/loftperruquers.cat\/#\/schema\/logo\/image\/"},"sameAs":["https:\/\/www.instagram.com\/loft_perruquers_estilistes\/"]}]}},"_links":{"self":[{"href":"https:\/\/loftperruquers.cat\/index.php?rest_route=\/wp\/v2\/pages\/2539","targetHints":{"allow":["GET"]}}],"collection":[{"href":"https:\/\/loftperruquers.cat\/index.php?rest_route=\/wp\/v2\/pages"}],"about":[{"href":"https:\/\/loftperruquers.cat\/index.php?rest_route=\/wp\/v2\/types\/page"}],"author":[{"embeddable":true,"href":"https:\/\/loftperruquers.cat\/index.php?rest_route=\/wp\/v2\/users\/1"}],"replies":[{"embeddable":true,"href":"https:\/\/loftperruquers.cat\/index.php?rest_route=%2Fwp%2Fv2%2Fcomments&post=2539"}],"version-history":[{"count":7,"href":"https:\/\/loftperruquers.cat\/index.php?rest_route=\/wp\/v2\/pages\/2539\/revisions"}],"predecessor-version":[{"id":2577,"href":"https:\/\/loftperruquers.cat\/index.php?rest_route=\/wp\/v2\/pages\/2539\/revisions\/2577"}],"wp:attachment":[{"href":"https:\/\/loftperruquers.cat\/index.php?rest_route=%2Fwp%2Fv2%2Fmedia&parent=2539"}],"curies":[{"name":"wp","href":"https:\/\/api.w.org\/{rel}","templated":true}]}}